{"id":6673,"date":"2025-10-01T10:59:10","date_gmt":"2025-10-01T10:59:10","guid":{"rendered":"https:\/\/donyajewelry.ma\/?product=product-97"},"modified":"2026-02-23T11:43:18","modified_gmt":"2026-02-23T11:43:18","slug":"product-97","status":"publish","type":"product","link":"https:\/\/donyajewelry.ma\/?product=product-97","title":{"rendered":"La goutte d&#8217;or"},"content":{"rendered":"<p>Boucles d&#8217;oreilles cr\u00e9oles bomb\u00e9es en argent plaqu\u00e9 or rose<\/p>\n","protected":false},"excerpt":{"rendered":"<p>Boucles d&#8217;oreilles cr\u00e9oles bomb\u00e9es en argent plaqu\u00e9 or rose<\/p>\n","protected":false},"featured_media":6672,"comment_status":"open","ping_status":"closed","template":"","meta":[],"product_cat":[81],"product_tag":[],"class_list":{"0":"post-6673","1":"product","2":"type-product","3":"status-publish","4":"has-post-thumbnail","6":"product_cat-boucles-doreilles","8":"first","9":"instock","10":"shipping-taxable","11":"purchasable","12":"product-type-simple"},"jetpack_sharing_enabled":true,"_links":{"self":[{"href":"https:\/\/donyajewelry.ma\/index.php?rest_route=\/wp\/v2\/product\/6673","targetHints":{"allow":["GET"]}}],"collection":[{"href":"https:\/\/donyajewelry.ma\/index.php?rest_route=\/wp\/v2\/product"}],"about":[{"href":"https:\/\/donyajewelry.ma\/index.php?rest_route=\/wp\/v2\/types\/product"}],"replies":[{"embeddable":true,"href":"https:\/\/donyajewelry.ma\/index.php?rest_route=%2Fwp%2Fv2%2Fcomments&post=6673"}],"wp:featuredmedia":[{"embeddable":true,"href":"https:\/\/donyajewelry.ma\/index.php?rest_route=\/wp\/v2\/media\/6672"}],"wp:attachment":[{"href":"https:\/\/donyajewelry.ma\/index.php?rest_route=%2Fwp%2Fv2%2Fmedia&parent=6673"}],"wp:term":[{"taxonomy":"product_cat","embeddable":true,"href":"https:\/\/donyajewelry.ma\/index.php?rest_route=%2Fwp%2Fv2%2Fproduct_cat&post=6673"},{"taxonomy":"product_tag","embeddable":true,"href":"https:\/\/donyajewelry.ma\/index.php?rest_route=%2Fwp%2Fv2%2Fproduct_tag&post=6673"}],"curies":[{"name":"wp","href":"https:\/\/api.w.org\/{rel}","templated":true}]}}