{"id":5635,"date":"2019-04-17T03:16:33","date_gmt":"2019-04-17T03:16:33","guid":{"rendered":"https:\/\/demo.alura-studio.com\/mipro\/?page_id=5635"},"modified":"2025-01-22T15:10:18","modified_gmt":"2025-01-22T15:10:18","slug":"faq","status":"publish","type":"page","link":"https:\/\/donyajewelry.ma\/?page_id=5635","title":{"rendered":"PIERCING AFTERCARE"},"content":{"rendered":"<p><section class=\"kc-elm kc-css-524165 kc_row\"><div class=\"kc-row-container\"><div class=\"kc-wrap-columns\"><div class=\"kc-elm kc-css-476380 kc_col-sm-3 kc_column kc_col-sm-3\"><div class=\"kc-col-container\">\n<div class=\"kc-elm kc-css-291758 kc-title-wrap \">\n\n\t<h1 class=\"kc_title\">Guide de soins g\u00e9n\u00e9raux\r\n<\/h1>\n<\/div>\n<\/div><\/div><div class=\"kc-elm kc-css-443860 kc_col-sm-9 kc_column kc_col-sm-9\"><div class=\"kc-col-container\"><div class=\"kc-elm kc-css-389264 kc_accordion_wrapper\">\n<div class=\"kc-elm kc-css-628250 kc_accordion_section group faq-a\"><h3 class=\"kc_accordion_header ui-accordion-header\"><span class=\"ui-accordion-header-icon ui-icon\"><\/span><a href=\"#nettoyez-votre-piercing-avec-une-solution-saline-sterile-deux-fois-par-jour\" data-prevent=\"scroll\"><i class=\"\"><\/i> Nettoyez votre piercing avec une solution saline st\u00e9rile deux fois par jour.<\/a><\/h3><div class=\"kc_accordion_content ui-accordion-content kc_clearfix\"><div class=\"kc-panel-body\"><div class=\"kc-elm kc-css-87715 kc_text_block\"><\/p>\n<p>Vous pouvez acheter une solution saline dans une pharmacie ; Nettoyer votre Piercing avec cette solution saline pendant quelques minutes. Vous pouvez \u00e9galement utiliser une seringue sans aiguille pour pulv\u00e9riser la solution saline directement sur votre piercing.<\/p>\n<p>\n<\/div><\/div><\/div><\/div><div class=\"kc-elm kc-css-7784 kc_accordion_section group faq-a\"><h3 class=\"kc_accordion_header ui-accordion-header\"><span class=\"ui-accordion-header-icon ui-icon\"><\/span><a href=\"#lavez-vos-mains-avant-de-toucher-votre-piercing\" data-prevent=\"scroll\"><i class=\"\"><\/i>  Lavez vos mains avant de toucher votre piercing.<\/a><\/h3><div class=\"kc_accordion_content ui-accordion-content kc_clearfix\"><div class=\"kc-panel-body\"><div class=\"kc-elm kc-css-811353 kc_text_block\"><\/p>\n<p><br data-mce-bogus=\"1\"><\/p>\n<p>\n<\/div><\/div><\/div><\/div><div class=\"kc-elm kc-css-929738 kc_accordion_section group faq-a\"><h3 class=\"kc_accordion_header ui-accordion-header\"><span class=\"ui-accordion-header-icon ui-icon\"><\/span><a href=\"#evitez-de-toucher-votre-piercing-autant-que-possible\" data-prevent=\"scroll\"><i class=\"\"><\/i> \u00c9vitez de toucher votre piercing autant que possible.<\/a><\/h3><div class=\"kc_accordion_content ui-accordion-content kc_clearfix\"><div class=\"kc-panel-body\"><div class=\"kc-elm kc-css-719757 kc_text_block\"><\/p>\n<p>Si vous devez toucher votre piercing, assurez-vous que vos mains sont propres.<\/p>\n<p>\n<\/div><\/div><\/div><\/div><div class=\"kc-elm kc-css-370922 kc_accordion_section group faq-a\"><h3 class=\"kc_accordion_header ui-accordion-header\"><span class=\"ui-accordion-header-icon ui-icon\"><\/span><a href=\"#evitez-de-porter-des-bijoux-en-metal-de-mauvaise-qualite\" data-prevent=\"scroll\"><i class=\"\"><\/i> \u00c9vitez de porter des bijoux en m\u00e9tal de mauvaise qualit\u00e9<\/a><\/h3><div class=\"kc_accordion_content ui-accordion-content kc_clearfix\"><div class=\"kc-panel-body\"><div class=\"kc-elm kc-css-452815 kc_text_block\"><\/p>\n<p>Si vous devez toucher votre piercing, assurez-vous que vos mains sont propres.<\/p>\n<p>\n<\/div><\/div><\/div><\/div><div class=\"kc-elm kc-css-255957 kc_accordion_section group faq-a\"><h3 class=\"kc_accordion_header ui-accordion-header\"><span class=\"ui-accordion-header-icon ui-icon\"><\/span><a href=\"#evitez-de-porter-des-vetements-serres-ou-des-bijoux-qui-peuvent-frotter-contre-votre-piercing-piercing-nombril\" data-prevent=\"scroll\"><i class=\"\"><\/i>  \u00c9vitez de porter des v\u00eatements serr\u00e9s ou des bijoux qui peuvent frotter contre votre piercing (Piercing Nombril)<\/a><\/h3><div class=\"kc_accordion_content ui-accordion-content kc_clearfix\"><div class=\"kc-panel-body\"><div class=\"kc-elm kc-css-781711 kc_text_block\"><\/p>\n<p><span style=\"color: rgb(125, 125, 125); font-family: Jost, sans-serif; font-size: 15px;\">\u00c9vitez de nager dans des piscines, des spas ou d&#8217;autres sources d&#8217;eau chlor\u00e9e pendant les premiers jours apr\u00e8s avoir \u00e9t\u00e9 perc\u00e9.<\/span><\/p>\n<p>\n<\/div><\/div><\/div><\/div><div class=\"kc-elm kc-css-428062 kc_accordion_section group faq-a\"><h3 class=\"kc_accordion_header ui-accordion-header\"><span class=\"ui-accordion-header-icon ui-icon\"><\/span><a href=\"#evitez-de-porter-des-vetements-serres-ou-des-bijoux-qui-peuvent-frotter-contre-votre-piercing-piercing-nombril\" data-prevent=\"scroll\"><i class=\"\"><\/i>  \u00c9vitez de porter des v\u00eatements serr\u00e9s ou des bijoux qui peuvent frotter contre votre piercing (Piercing Nombril)<\/a><\/h3><div class=\"kc_accordion_content ui-accordion-content kc_clearfix\"><div class=\"kc-panel-body\"><div class=\"kc-elm kc-css-998149 kc_text_block\"><\/p>\n<p><span style=\"color: rgb(125, 125, 125); font-family: Jost, sans-serif; font-size: 15px;\">\u00c9vitez de nager dans des piscines, des spas ou d&#8217;autres sources d&#8217;eau chlor\u00e9e pendant les premiers jours apr\u00e8s avoir \u00e9t\u00e9 perc\u00e9.<\/span><\/p>\n<p>\n<\/div><\/div><\/div><\/div><div class=\"kc-elm kc-css-682928 kc_accordion_section group faq-a\"><h3 class=\"kc_accordion_header ui-accordion-header\"><span class=\"ui-accordion-header-icon ui-icon\"><\/span><a href=\"#evitez-de-dormir-sur-votre-piercing-car-cela-peut-causer-des-dommages\" data-prevent=\"scroll\"><i class=\"\"><\/i>  \u00c9vitez de dormir sur votre piercing, car cela peut causer des dommages.<\/a><\/h3><div class=\"kc_accordion_content ui-accordion-content kc_clearfix\"><div class=\"kc-panel-body\"><div class=\"kc-elm kc-css-934361 kc_text_block\"><\/p>\n<p><span style=\"color: rgb(125, 125, 125); font-family: Jost, sans-serif; font-size: 15px;\">Si vous remarquez des rougeurs , des gonflements , \u00e9coulements de pus ou ressentez de la douleur, ou de la chaleur ;<\/span><br style=\"color: rgb(125, 125, 125); font-family: Jost, sans-serif; font-size: 15px;\"><span style=\"color: rgb(125, 125, 125); font-family: Jost, sans-serif; font-size: 15px;\">Contactez nous directement au\u00a0<\/span><span style=\"color: rgb(125, 125, 125); font-family: Jost, sans-serif; font-size: 15px;\">+212 6 97 68 27 26<\/span><\/p>\n<p>\n<\/div><\/div><\/div><\/div><div class=\"kc-elm kc-css-761038 kc_accordion_section group faq-a\"><h3 class=\"kc_accordion_header ui-accordion-header\"><span class=\"ui-accordion-header-icon ui-icon\"><\/span><a href=\"#suivez-les-instructions-specifiques-de-votre-perceur-en-ce-qui-concerne-les-soins-apres-le-piercing\" data-prevent=\"scroll\"><i class=\"\"><\/i> Suivez les instructions sp\u00e9cifiques de votre perceur en ce qui concerne les soins apr\u00e8s le piercing.<\/a><\/h3><div class=\"kc_accordion_content ui-accordion-content kc_clearfix\"><div class=\"kc-panel-body\"><div class=\"kc-elm kc-css-546769 kc_text_block\"><\/p>\n<p><font color=\"#7d7d7d\" face=\"Jost, sans-serif\"><span style=\"font-size: 15px;\">ls peuvent recommander des produits sp\u00e9cifiques ou des techniques de nettoyage. Soyez patient et ne changez pas de bijou avant que votre piercing ne soit compl\u00e8tement gu\u00e9ri. Le temps de gu\u00e9rison varie selon le type de piercing, mais la plupart prennent au moins quelques semaines \u00e0 quelques mois pour gu\u00e9rir compl\u00e8tement. En suivant ces instructions de soins g\u00e9n\u00e9raux, vous pouvez aider votre piercing \u00e0 gu\u00e9rir rapidement et \u00e0 \u00e9viter les complications.<\/span><\/font><\/p>\n<p>\n<\/div><\/div><\/div><\/div><\/div>\n<\/div><\/div><\/div><\/div><\/section><section class=\"kc-elm kc-css-99920 kc_row\"><div class=\"kc-row-container\"><div class=\"kc-wrap-columns\"><div class=\"kc-elm kc-css-569331 kc_col-sm-3 kc_column kc_col-sm-3\"><div class=\"kc-col-container\">\n<div class=\"kc-elm kc-css-408081 kc-title-wrap \">\n\n\t<h1 class=\"kc_title\">Conseils de suivi par emplacement de per\u00e7age\r\n<\/h1>\n<\/div>\n<div class=\"kc-elm kc-css-180073 kc_shortcode kc_single_image\">\n\n        <img decoding=\"async\" src=\"https:\/\/donyajewelry.ma\/wp-content\/uploads\/2018\/11\/guide-2.png\" class=\"\" alt=\"\" \/>    <\/div>\n<\/div><\/div><div class=\"kc-elm kc-css-298645 kc_col-sm-9 kc_column kc_col-sm-9\"><div class=\"kc-col-container\"><div data-closeall=\"true\" class=\"kc-elm kc-css-12999 kc_accordion_wrapper faq-col\">\n<div class=\"kc-elm kc-css-806536 kc_accordion_section group faq-a\"><h3 class=\"kc_accordion_header ui-accordion-header\"><span class=\"ui-accordion-header-icon ui-icon\"><\/span><a href=\"#lobes-et-cartilages\" data-prevent=\"scroll\"><i class=\"\"><\/i> Lobes et cartilages<\/a><\/h3><div class=\"kc_accordion_content ui-accordion-content kc_clearfix\"><div class=\"kc-panel-body\"><div class=\"kc-elm kc-css-27303 kc_text_block\"><\/p>\n<p><span style=\"color: rgb(125, 125, 125); font-family: Jost, sans-serif; font-size: 15px;\">\u00c9vitez le maquillage et les produits capillaires.<\/span><br style=\"color: rgb(125, 125, 125); font-family: Jost, sans-serif; font-size: 15px;\"><span style=\"color: rgb(125, 125, 125); font-family: Jost, sans-serif; font-size: 15px;\">Utilisez un oreiller piercing pour suspendre l\u2019oreille au milieu du trou pendant que vous dormez.<\/span><\/p>\n<p>\n<\/div><\/div><\/div><\/div><div class=\"kc-elm kc-css-530420 kc_accordion_section group faq-a\"><h3 class=\"kc_accordion_header ui-accordion-header\"><span class=\"ui-accordion-header-icon ui-icon\"><\/span><a href=\"#piercing-lounge-les-commercialise\" data-prevent=\"scroll\"><i class=\"\"><\/i> Piercing lounge les commercialise<\/a><\/h3><div class=\"kc_accordion_content ui-accordion-content kc_clearfix\"><div class=\"kc-panel-body\"><div class=\"kc-elm kc-css-150290 kc_text_block\"><\/p>\n<p><span style=\"color: rgb(125, 125, 125); font-family: Jost, sans-serif; font-size: 15px;\">Vous pouvez les commander en ligne sur notre site.<\/span><br style=\"color: rgb(125, 125, 125); font-family: Jost, sans-serif; font-size: 15px;\"><span style=\"color: rgb(125, 125, 125); font-family: Jost, sans-serif; font-size: 15px;\">Utilisez une l\u00e9g\u00e8re pression de la pomme de douche pour aider \u00e0 \u00e9liminer les d\u00e9bris.<\/span><\/p>\n<p>\n<\/div><\/div><\/div><\/div><div class=\"kc-elm kc-css-559543 kc_accordion_section group faq-a last\"><h3 class=\"kc_accordion_header ui-accordion-header\"><span class=\"ui-accordion-header-icon ui-icon\"><\/span><a href=\"#narine\" data-prevent=\"scroll\"><i class=\"\"><\/i> Narine<\/a><\/h3><div class=\"kc_accordion_content ui-accordion-content kc_clearfix\"><div class=\"kc-panel-body\"><div class=\"kc-elm kc-css-120663 kc_text_block\"><\/p>\n<p><span style=\"color: rgb(125, 125, 125); font-family: Jost, sans-serif; font-size: 15px;\">Abstenez-vous d\u2019utiliser un nettoyant pour le visage agressif.<\/span><br style=\"color: rgb(125, 125, 125); font-family: Jost, sans-serif; font-size: 15px;\"><span style=\"color: rgb(125, 125, 125); font-family: Jost, sans-serif; font-size: 15px;\">\u00c9vitez de mettre du maquillage, des cr\u00e8mes et des s\u00e9rums directement sur le piercing.<\/span><br style=\"color: rgb(125, 125, 125); font-family: Jost, sans-serif; font-size: 15px;\"><span style=\"color: rgb(125, 125, 125); font-family: Jost, sans-serif; font-size: 15px;\">Si vous avez un rhume ou des allergies, soyez doux lorsque vous vous mouchez.<\/span><\/p>\n<p>\n<\/div><\/div><\/div><\/div><div class=\"kc-elm kc-css-866586 kc_accordion_section group faq-a last\"><h3 class=\"kc_accordion_header ui-accordion-header\"><span class=\"ui-accordion-header-icon ui-icon\"><\/span><a href=\"#septum\" data-prevent=\"scroll\"><i class=\"\"><\/i> Septum<\/a><\/h3><div class=\"kc_accordion_content ui-accordion-content kc_clearfix\"><div class=\"kc-panel-body\"><div class=\"kc-elm kc-css-845032 kc_text_block\"><\/p>\n<p><span style=\"color: rgb(125, 125, 125); font-family: Jost, sans-serif; font-size: 15px;\">\u00c9vitez les vaporisateurs nasaux qui ne sont pas salins.<\/span><br style=\"color: rgb(125, 125, 125); font-family: Jost, sans-serif; font-size: 15px;\"><span style=\"color: rgb(125, 125, 125); font-family: Jost, sans-serif; font-size: 15px;\">Ne tournez pas les bijoux.<\/span><br style=\"color: rgb(125, 125, 125); font-family: Jost, sans-serif; font-size: 15px;\"><span style=\"color: rgb(125, 125, 125); font-family: Jost, sans-serif; font-size: 15px;\">Utilisez de l\u2019eau ti\u00e8de sur une serviette en papier propre pour enlever l\u2019accumulation.<\/span><br style=\"color: rgb(125, 125, 125); font-family: Jost, sans-serif; font-size: 15px;\"><\/p>\n<p>\n<\/div><\/div><\/div><\/div><\/div>\n<\/div><\/div><\/div><\/div><\/section><section class=\"kc-elm kc-css-572480 kc_row\"><div class=\"kc-row-container\"><div class=\"kc-wrap-columns\"><div class=\"kc-elm kc-css-934957 kc_col-sm-3 kc_column kc_col-sm-3\"><div class=\"kc-col-container\">\n<div class=\"kc-elm kc-css-468101 kc-title-wrap \">\n\n\t<h1 class=\"kc_title\">Les d\u00e9lais de cicatrisation<\/h1>\n<\/div>\n<\/div><\/div><div class=\"kc-elm kc-css-866546 kc_col-sm-9 kc_column kc_col-sm-9\"><div class=\"kc-col-container\"><div data-closeall=\"true\" class=\"kc-elm kc-css-608082 kc_accordion_wrapper faq-col\">\n<div class=\"kc-elm kc-css-529395 kc_accordion_section group faq-a\"><h3 class=\"kc_accordion_header ui-accordion-header\"><span class=\"ui-accordion-header-icon ui-icon\"><\/span><a href=\"#oreille\" data-prevent=\"scroll\"><i class=\"\"><\/i> Oreille<\/a><\/h3><div class=\"kc_accordion_content ui-accordion-content kc_clearfix\"><div class=\"kc-panel-body\"><div class=\"kc-elm kc-css-735193 kc_text_block\"><\/p>\n<p><font color=\"#7d7d7d\" face=\"Jost, sans-serif\"><span style=\"font-size: 15px;\">Lobe : 3 \u00e0 8 semaines<\/span><\/font><\/p>\n<p><font color=\"#7d7d7d\" face=\"Jost, sans-serif\"><span style=\"font-size: 15px;\">\u00a0Cartilage : 3 \u00e0 6 \u00e0 12 mois<\/span><\/font><\/p>\n<p>\n<\/div><\/div><\/div><\/div><div class=\"kc-elm kc-css-549659 kc_accordion_section group faq-a\"><h3 class=\"kc_accordion_header ui-accordion-header\"><span class=\"ui-accordion-header-icon ui-icon\"><\/span><a href=\"#nez\" data-prevent=\"scroll\"><i class=\"\"><\/i> Nez<\/a><\/h3><div class=\"kc_accordion_content ui-accordion-content kc_clearfix\"><div class=\"kc-panel-body\"><div class=\"kc-elm kc-css-607473 kc_text_block\"><\/p>\n<p><span style=\"color: rgb(125, 125, 125); font-family: Jost, sans-serif; font-size: 15px;\">Septum : 6 \u00e0 8 semaines<\/span><br style=\"color: rgb(125, 125, 125); font-family: Jost, sans-serif; font-size: 15px;\"><span style=\"color: rgb(125, 125, 125); font-family: Jost, sans-serif; font-size: 15px;\">Narine : 6 \u00e0 12 semaines<\/span><\/p>\n<p>\n<\/div><\/div><\/div><\/div><div class=\"kc-elm kc-css-816650 kc_accordion_section group faq-a last\"><h3 class=\"kc_accordion_header ui-accordion-header\"><span class=\"ui-accordion-header-icon ui-icon\"><\/span><a href=\"#nombril\" data-prevent=\"scroll\"><i class=\"\"><\/i> Nombril<\/a><\/h3><div class=\"kc_accordion_content ui-accordion-content kc_clearfix\"><div class=\"kc-panel-body\"><div class=\"kc-elm kc-css-36871 kc_text_block\"><\/p>\n<p><span style=\"color: rgb(125, 125, 125); font-family: Jost, sans-serif; font-size: 15px;\">6 \u00e0 12 mois<\/span><\/p>\n<p>\n<\/div><\/div><\/div><\/div><div class=\"kc-elm kc-css-923515 kc_accordion_section group faq-a last\"><h3 class=\"kc_accordion_header ui-accordion-header\"><span class=\"ui-accordion-header-icon ui-icon\"><\/span><a href=\"#septum\" data-prevent=\"scroll\"><i class=\"\"><\/i> Septum<\/a><\/h3><div class=\"kc_accordion_content ui-accordion-content kc_clearfix\"><div class=\"kc-panel-body\"><div class=\"kc-elm kc-css-191309 kc_text_block\"><\/p>\n<p><span style=\"color: rgb(125, 125, 125); font-family: Jost, sans-serif; font-size: 15px;\">\u00c9vitez les vaporisateurs nasaux qui ne sont pas salins.<\/span><br style=\"color: rgb(125, 125, 125); font-family: Jost, sans-serif; font-size: 15px;\"><span style=\"color: rgb(125, 125, 125); font-family: Jost, sans-serif; font-size: 15px;\">Ne tournez pas les bijoux.<\/span><br style=\"color: rgb(125, 125, 125); font-family: Jost, sans-serif; font-size: 15px;\"><span style=\"color: rgb(125, 125, 125); font-family: Jost, sans-serif; font-size: 15px;\">Utilisez de l\u2019eau ti\u00e8de sur une serviette en papier propre pour enlever l\u2019accumulation.<\/span><br style=\"color: rgb(125, 125, 125); font-family: Jost, sans-serif; font-size: 15px;\"><\/p>\n<p>\n<\/div><\/div><\/div><\/div><\/div>\n<\/div><\/div><\/div><\/div><\/section><section class=\"kc-elm kc-css-800691 kc_row\"><div class=\"kc-row-container  kc-container\"><div class=\"kc-wrap-columns\"><div class=\"kc-elm kc-css-193418 kc_col-sm-12 kc_column kc_col-sm-12\"><div class=\"kc-col-container\"><div class=\"kc-elm kc-css-257548 kc_row kc_row_inner\"><div class=\"kc-elm kc-css-42015 kc_col-sm-12 kc_column_inner kc_col-sm-12\"><div class=\"kc_wrapper kc-col-inner-container\"><div class=\"kc-elm kc-css-57700 kc_text_block\"><\/p>\n<p style=\"text-align: center;\" data-mce-style=\"text-align: center;\">Il est important de noter que ces d\u00e9lais ne sont que des estimations et que la cicatrisation peut varier en fonction de plusieurs facteurs, tels que le type de bijou utilis\u00e9, l&#8217;hygi\u00e8ne et la r\u00e9action individuelle du corps. Il est donc important de suivre les instructions de soins apr\u00e8s piercing donn\u00e9es par le pierceur et de consulter un professionnel de la sant\u00e9 en cas de complications.<\/p>\n<p>\n<\/div><\/div><\/div><\/div><\/div><\/div><\/div><\/div><\/section><section class=\"kc-elm kc-css-325207 kc_row\"><div class=\"kc-row-container  kc-container\"><div class=\"kc-wrap-columns\"><div class=\"kc-elm kc-css-954653 kc_col-sm-12 kc_column kc_col-sm-12\"><div class=\"kc-col-container\">\n<div class=\"kc-elm kc-css-48535\">\n\t<a class=\"kc_button\" href=\"https:\/\/donyajewelry.ma\/wp-content\/uploads\/2018\/11\/carte-10x-7-cm-1.pdf\" target=\"_self\" title=\"\" onclick=\"\">\n\t\tTelecharger le guide <i class=\"fa-download\"><\/i>\t<\/a>\n<\/div>\n<\/div><\/div><\/div><\/div><\/section><\/p>\n","protected":false},"excerpt":{"rendered":"","protected":false},"author":1,"featured_media":0,"parent":0,"menu_order":0,"comment_status":"closed","ping_status":"closed","template":"","meta":{"footnotes":""},"class_list":["post-5635","page","type-page","status-publish","hentry"],"jetpack_sharing_enabled":true,"_links":{"self":[{"href":"https:\/\/donyajewelry.ma\/index.php?rest_route=\/wp\/v2\/pages\/5635","targetHints":{"allow":["GET"]}}],"collection":[{"href":"https:\/\/donyajewelry.ma\/index.php?rest_route=\/wp\/v2\/pages"}],"about":[{"href":"https:\/\/donyajewelry.ma\/index.php?rest_route=\/wp\/v2\/types\/page"}],"author":[{"embeddable":true,"href":"https:\/\/donyajewelry.ma\/index.php?rest_route=\/wp\/v2\/users\/1"}],"replies":[{"embeddable":true,"href":"https:\/\/donyajewelry.ma\/index.php?rest_route=%2Fwp%2Fv2%2Fcomments&post=5635"}],"version-history":[{"count":8,"href":"https:\/\/donyajewelry.ma\/index.php?rest_route=\/wp\/v2\/pages\/5635\/revisions"}],"predecessor-version":[{"id":6285,"href":"https:\/\/donyajewelry.ma\/index.php?rest_route=\/wp\/v2\/pages\/5635\/revisions\/6285"}],"wp:attachment":[{"href":"https:\/\/donyajewelry.ma\/index.php?rest_route=%2Fwp%2Fv2%2Fmedia&parent=5635"}],"curies":[{"name":"wp","href":"https:\/\/api.w.org\/{rel}","templated":true}]}}